{"id":1147,"date":"2018-02-21T02:29:17","date_gmt":"2018-02-20T23:29:17","guid":{"rendered":"https:\/\/kalehan.com.tr\/information-center\/linkler\/"},"modified":"2023-05-17T16:10:40","modified_gmt":"2023-05-17T13:10:40","slug":"links","status":"publish","type":"page","link":"https:\/\/kalehan.com.tr\/en\/information-center\/links\/","title":{"rendered":"Links"},"content":{"rendered":"\t\t<div data-elementor-type=\"wp-post\" data-elementor-id=\"1147\" class=\"elementor elementor-1147\" data-elementor-post-type=\"page\">\n\t\t\t\t\t\t<section class=\"elementor-section elementor-top-section elementor-element elementor-element-c2e1ea8 elementor-section-stretched elementor-section-height-min-height elementor-section-content-middle elementor-section-boxed elementor-section-height-default elementor-section-items-middle\" data-id=\"c2e1ea8\" data-element_type=\"section\" data-settings=\"{&quot;stretch_section&quot;:&quot;section-stretched&quot;,&quot;background_background&quot;:&quot;classic&quot;,&quot;jet_parallax_layout_list&quot;:[{&quot;jet_parallax_layout_image&quot;:{&quot;url&quot;:&quot;&quot;,&quot;id&quot;:&quot;&quot;,&quot;size&quot;:&quot;&quot;},&quot;_id&quot;:&quot;5488c51&quot;,&quot;jet_parallax_layout_speed&quot;:{&quot;unit&quot;:&quot;%&quot;,&quot;size&quot;:50,&quot;sizes&quot;:[]},&quot;jet_parallax_layout_image_tablet&quot;:{&quot;url&quot;:&quot;&quot;,&quot;id&quot;:&quot;&quot;,&quot;size&quot;:&quot;&quot;},&quot;jet_parallax_layout_image_mobile&quot;:{&quot;url&quot;:&quot;&quot;,&quot;id&quot;:&quot;&quot;,&quot;size&quot;:&quot;&quot;},&quot;jet_parallax_layout_type&quot;:&quot;scroll&quot;,&quot;jet_parallax_layout_direction&quot;:null,&quot;jet_parallax_layout_fx_direction&quot;:null,&quot;jet_parallax_layout_z_index&quot;:&quot;&quot;,&quot;jet_parallax_layout_bg_x&quot;:50,&quot;jet_parallax_layout_bg_x_tablet&quot;:&quot;&quot;,&quot;jet_parallax_layout_bg_x_mobile&quot;:&quot;&quot;,&quot;jet_parallax_layout_bg_y&quot;:50,&quot;jet_parallax_layout_bg_y_tablet&quot;:&quot;&quot;,&quot;jet_parallax_layout_bg_y_mobile&quot;:&quot;&quot;,&quot;jet_parallax_layout_bg_size&quot;:&quot;auto&quot;,&quot;jet_parallax_layout_bg_size_tablet&quot;:&quot;&quot;,&quot;jet_parallax_layout_bg_size_mobile&quot;:&quot;&quot;,&quot;jet_parallax_layout_animation_prop&quot;:&quot;transform&quot;,&quot;jet_parallax_layout_on&quot;:[&quot;desktop&quot;,&quot;tablet&quot;]}]}\">\n\t\t\t\t\t\t<div class=\"elementor-container elementor-column-gap-default\">\n\t\t\t\t\t<div class=\"elementor-column elementor-col-100 elementor-top-column elementor-element elementor-element-7efb019\" data-id=\"7efb019\" data-element_type=\"column\">\n\t\t\t<div class=\"elementor-widget-wrap elementor-element-populated\">\n\t\t\t\t\t\t<div class=\"elementor-element elementor-element-c061f4f elementor-widget elementor-widget-heading\" data-id=\"c061f4f\" data-element_type=\"widget\" data-widget_type=\"heading.default\">\n\t\t\t\t<div class=\"elementor-widget-container\">\n\t\t\t\t\t<h2 class=\"elementor-heading-title elementor-size-default\">LINKS<\/h2>\t\t\t\t<\/div>\n\t\t\t\t<\/div>\n\t\t\t\t\t<\/div>\n\t\t<\/div>\n\t\t\t\t\t<\/div>\n\t\t<\/section>\n\t\t\t\t<section class=\"elementor-section elementor-top-section elementor-element elementor-element-3a9fdc3 animated-slow elementor-section-boxed elementor-section-height-default elementor-section-height-default elementor-invisible\" data-id=\"3a9fdc3\" data-element_type=\"section\" data-settings=\"{&quot;jet_parallax_layout_list&quot;:[{&quot;jet_parallax_layout_image&quot;:{&quot;url&quot;:&quot;&quot;,&quot;id&quot;:&quot;&quot;,&quot;size&quot;:&quot;&quot;},&quot;_id&quot;:&quot;cd66343&quot;,&quot;jet_parallax_layout_speed&quot;:{&quot;unit&quot;:&quot;%&quot;,&quot;size&quot;:50,&quot;sizes&quot;:[]},&quot;jet_parallax_layout_image_tablet&quot;:{&quot;url&quot;:&quot;&quot;,&quot;id&quot;:&quot;&quot;,&quot;size&quot;:&quot;&quot;},&quot;jet_parallax_layout_image_mobile&quot;:{&quot;url&quot;:&quot;&quot;,&quot;id&quot;:&quot;&quot;,&quot;size&quot;:&quot;&quot;},&quot;jet_parallax_layout_type&quot;:&quot;scroll&quot;,&quot;jet_parallax_layout_direction&quot;:null,&quot;jet_parallax_layout_fx_direction&quot;:null,&quot;jet_parallax_layout_z_index&quot;:&quot;&quot;,&quot;jet_parallax_layout_bg_x&quot;:50,&quot;jet_parallax_layout_bg_x_tablet&quot;:&quot;&quot;,&quot;jet_parallax_layout_bg_x_mobile&quot;:&quot;&quot;,&quot;jet_parallax_layout_bg_y&quot;:50,&quot;jet_parallax_layout_bg_y_tablet&quot;:&quot;&quot;,&quot;jet_parallax_layout_bg_y_mobile&quot;:&quot;&quot;,&quot;jet_parallax_layout_bg_size&quot;:&quot;auto&quot;,&quot;jet_parallax_layout_bg_size_tablet&quot;:&quot;&quot;,&quot;jet_parallax_layout_bg_size_mobile&quot;:&quot;&quot;,&quot;jet_parallax_layout_animation_prop&quot;:&quot;transform&quot;,&quot;jet_parallax_layout_on&quot;:[&quot;desktop&quot;,&quot;tablet&quot;]}],&quot;animation&quot;:&quot;fadeIn&quot;,&quot;animation_delay&quot;:100}\">\n\t\t\t\t\t\t<div class=\"elementor-container elementor-column-gap-default\">\n\t\t\t\t\t<div class=\"elementor-column elementor-col-100 elementor-top-column elementor-element elementor-element-977ed19\" data-id=\"977ed19\" data-element_type=\"column\">\n\t\t\t<div class=\"elementor-widget-wrap elementor-element-populated\">\n\t\t\t\t\t\t<div class=\"elementor-element elementor-element-d37c95a elementor-widget elementor-widget-text-editor\" data-id=\"d37c95a\" data-element_type=\"widget\" data-widget_type=\"text-editor.default\">\n\t\t\t\t<div class=\"elementor-widget-container\">\n\t\t\t\t\t\t\t\t\t<ul>\n \t<li><span style=\"text-decoration: none;\"><a href=\"https:\/\/www.dsi.gov.tr\" target=\"_blank\" rel=\"noopener\">Republic of T\u00fcrkiye, Ministry of Agriculture and Forestry, General Directorate of State Hydraulic Works <\/a><\/span><\/li>\n \t<li><span style=\"text-decoration: none;\"><a href=\"https:\/\/www.epdk.gov.tr\/\" target=\"_blank\" rel=\"noopener\">Republic of T\u00fcrkiye, Energy Market Regulatory Authority<\/a><\/span><\/li>\n \t<li><span style=\"text-decoration: none;\"><a href=\"https:\/\/www.enerji.gov.tr\" target=\"_blank\" rel=\"noopener\">Republic of T\u00fcrkiye, Ministry of Energy and Natural Resources<\/a><\/span><\/li>\n \t<li><span style=\"text-decoration: none;\"><a style=\"word-spacing: normal;\" href=\"https:\/\/www.csb.gov.tr\/\" target=\"_blank\" rel=\"noopener\">Republic of T\u00fcrkiye, Ministry of Environment, Urbanization\u00a0and Climate Change <\/a><\/span><\/li>\n \t<li><span style=\"text-decoration: none;\"><a style=\"outline: 0px;\" href=\"https:\/\/kvmgm.ktb.gov.tr\/\" target=\"_blank\" rel=\"noopener\">Republic of T\u00fcrkiye, Ministry of Culture and Tourism, General Directorate of Cultural Heritage and Museums<\/a><\/span><\/li>\n \t<li><span style=\"text-decoration: none;\"><a href=\"https:\/\/www.kgm.gov.tr\" target=\"_blank\" rel=\"noopener\">Republic of T\u00fcrkiye, Ministry of Transport and Infrastructure, General Directorate of Highways<\/a><\/span><\/li>\n \t<li><span style=\"text-decoration: none;\"><a style=\"word-spacing: normal;\" href=\"https:\/\/www.tcdd.gov.tr\" target=\"_blank\" rel=\"noopener\">Republic of T\u00fcrkiye, Ministry of Transport and Infrastructure, General Directorate of State Railways<\/a><\/span><\/li>\n \t<li><span style=\"text-decoration: none;\"><a href=\"https:\/\/www.hmb.gov.tr\/\" target=\"_blank\" rel=\"noopener\">Republic of T\u00fcrkiye, Ministry of Treasury and Finance<\/a><\/span><\/li>\n \t<li><span style=\"text-decoration: none;\"><a href=\"https:\/\/www.ticaret.gov.tr\/\" target=\"_blank\" rel=\"noopener\">Republic of T\u00fcrkiye, Ministry of Trade \u00a0<\/a><\/span><\/li>\n \t<li><span style=\"text-decoration: none;\"><a href=\"http:\/\/www.bingol.gov.tr\/\" target=\"_blank\" rel=\"noopener\">Republic of T\u00fcrkiye, Governorship of Bing\u00f6l<\/a><\/span><\/li>\n \t<li><span style=\"text-decoration: none;\"><a href=\"http:\/\/www.elazig.gov.tr\/\" target=\"_blank\" rel=\"noopener\">Republic of T\u00fcrkiye, Governorship of Elaz\u0131\u011f<\/a><\/span><\/li>\n \t<li><span style=\"text-decoration: none;\"><a href=\"http:\/\/www.mus.gov.tr\/\" target=\"_blank\" rel=\"noopener\">Republic of T\u00fcrkiye, Governorship of Mu\u015f<\/a><\/span><\/li>\n \t<li><span style=\"text-decoration: none;\"><a href=\"https:\/\/bingol.defterdarligi.gov.tr\/\" target=\"_blank\" rel=\"noopener\">Republic of T\u00fcrkiye, Ministry of Treasury and Finance, Provincial Treasury of Bing\u00f6l<\/a><\/span><\/li>\n \t<li><span style=\"text-decoration: none;\"><a href=\"https:\/\/elazig.defterdarligi.gov.tr\/\" target=\"_blank\" rel=\"noopener\">Republic of T\u00fcrkiye, Ministry of Treasury and Finance, Provincial Treasury of Elaz\u0131\u011f<\/a><\/span><\/li>\n \t<li><span style=\"text-decoration: none;\"><a href=\"https:\/\/mus.defterdarligi.gov.tr\/\" target=\"_blank\" rel=\"noopener\">Republic of T\u00fcrkiye, Ministry of Treasury and Finance, Provincial Treasury of Mu\u015f<\/a><\/span><\/li>\n \t<li><span style=\"text-decoration: none;\"><a href=\"https:\/\/afry.com\/en\" target=\"_blank\" rel=\"noopener\">Afry<\/a><\/span><\/li>\n \t<li><span style=\"text-decoration: none;\"><a href=\"http:\/\/temelsu.net\" target=\"_blank\" rel=\"noopener\">Temelsu<\/a><\/span><\/li>\n \t<li><span style=\"text-decoration: none;\"><a href=\"https:\/\/www.ge.com\/renewableenergy\" target=\"_blank\" rel=\"noopener\">GE Renewable<\/a><\/span><\/li>\n \t<li><span style=\"text-decoration: none;\"><a href=\"https:\/\/voith.com\" target=\"_blank\" rel=\"noopener\">Voith<\/a><\/span><\/li>\n \t<li><span style=\"text-decoration: none;\"><a href=\"https:\/\/www.andritz.com\" target=\"_blank\" rel=\"noopener\">Andritz<\/a><\/span><\/li>\n \t<li><span style=\"text-decoration: none;\"><a href=\"https:\/\/www.ozaltin.com.tr\">\u00d6zalt\u0131n\u00a0Holding<\/a><\/span><\/li>\n \t<li><span style=\"text-decoration: none;\"><a href=\"https:\/\/www.cengizholding.com.tr\" target=\"_blank\" rel=\"noopener\">Cengiz Holding<\/a><\/span><\/li>\n<\/ul>\t\t\t\t\t\t\t\t<\/div>\n\t\t\t\t<\/div>\n\t\t\t\t\t<\/div>\n\t\t<\/div>\n\t\t\t\t\t<\/div>\n\t\t<\/section>\n\t\t\t\t<\/div>\n\t\t","protected":false},"excerpt":{"rendered":"<p>LINKS Republic of T\u00fcrkiye, Ministry of Agriculture and Forestry, General Directorate of State Hydraulic Works Republic of T\u00fcrkiye, Energy Market Regulatory Authority Republic of T\u00fcrkiye, Ministry of Energy and Natural Resources Republic of T\u00fcrkiye, Ministry of Environment, Urbanization\u00a0and Climate Change Republic of T\u00fcrkiye, Ministry of Culture and Tourism, General Directorate of Cultural Heritage and Museums&hellip;<\/p>\n","protected":false},"author":1,"featured_media":0,"parent":901,"menu_order":5,"comment_status":"closed","ping_status":"closed","template":"","meta":[],"class_list":["post-1147","page","type-page","status-publish","hentry","description-off"],"aioseo_notices":[],"_links":{"self":[{"href":"https:\/\/kalehan.com.tr\/en\/wp-json\/wp\/v2\/pages\/1147","targetHints":{"allow":["GET"]}}],"collection":[{"href":"https:\/\/kalehan.com.tr\/en\/wp-json\/wp\/v2\/pages"}],"about":[{"href":"https:\/\/kalehan.com.tr\/en\/wp-json\/wp\/v2\/types\/page"}],"author":[{"embeddable":true,"href":"https:\/\/kalehan.com.tr\/en\/wp-json\/wp\/v2\/users\/1"}],"replies":[{"embeddable":true,"href":"https:\/\/kalehan.com.tr\/en\/wp-json\/wp\/v2\/comments?post=1147"}],"version-history":[{"count":57,"href":"https:\/\/kalehan.com.tr\/en\/wp-json\/wp\/v2\/pages\/1147\/revisions"}],"predecessor-version":[{"id":3890,"href":"https:\/\/kalehan.com.tr\/en\/wp-json\/wp\/v2\/pages\/1147\/revisions\/3890"}],"up":[{"embeddable":true,"href":"https:\/\/kalehan.com.tr\/en\/wp-json\/wp\/v2\/pages\/901"}],"wp:attachment":[{"href":"https:\/\/kalehan.com.tr\/en\/wp-json\/wp\/v2\/media?parent=1147"}],"curies":[{"name":"wp","href":"https:\/\/api.w.org\/{rel}","templated":true}]}}