{"id":1136,"date":"2018-02-15T00:52:24","date_gmt":"2018-02-14T21:52:24","guid":{"rendered":"https:\/\/kalehan.com.tr\/projects\/gozeler-regulatoru-ve-hes\/"},"modified":"2022-03-28T11:48:53","modified_gmt":"2022-03-28T08:48:53","slug":"gozeler-diversion-weir-and-hepp","status":"publish","type":"page","link":"https:\/\/kalehan.com.tr\/en\/projects\/gozeler-diversion-weir-and-hepp\/","title":{"rendered":"G\u00f6zeler Diversion Weir and HEPP"},"content":{"rendered":"\t\t<div data-elementor-type=\"wp-post\" data-elementor-id=\"1136\" class=\"elementor elementor-1136\" data-elementor-post-type=\"page\">\n\t\t\t\t\t\t<section class=\"elementor-section elementor-top-section elementor-element elementor-element-703f383 elementor-section-items-top elementor-section-height-min-height elementor-section-boxed elementor-section-height-default\" data-id=\"703f383\" data-element_type=\"section\" data-settings=\"{&quot;jet_parallax_layout_list&quot;:[{&quot;jet_parallax_layout_image&quot;:{&quot;url&quot;:&quot;&quot;,&quot;id&quot;:&quot;&quot;,&quot;size&quot;:&quot;&quot;},&quot;_id&quot;:&quot;4e8b011&quot;,&quot;jet_parallax_layout_speed&quot;:{&quot;unit&quot;:&quot;%&quot;,&quot;size&quot;:50,&quot;sizes&quot;:[]},&quot;jet_parallax_layout_image_tablet&quot;:{&quot;url&quot;:&quot;&quot;,&quot;id&quot;:&quot;&quot;,&quot;size&quot;:&quot;&quot;},&quot;jet_parallax_layout_image_mobile&quot;:{&quot;url&quot;:&quot;&quot;,&quot;id&quot;:&quot;&quot;,&quot;size&quot;:&quot;&quot;},&quot;jet_parallax_layout_type&quot;:&quot;scroll&quot;,&quot;jet_parallax_layout_direction&quot;:null,&quot;jet_parallax_layout_fx_direction&quot;:null,&quot;jet_parallax_layout_z_index&quot;:&quot;&quot;,&quot;jet_parallax_layout_bg_x&quot;:50,&quot;jet_parallax_layout_bg_x_tablet&quot;:&quot;&quot;,&quot;jet_parallax_layout_bg_x_mobile&quot;:&quot;&quot;,&quot;jet_parallax_layout_bg_y&quot;:50,&quot;jet_parallax_layout_bg_y_tablet&quot;:&quot;&quot;,&quot;jet_parallax_layout_bg_y_mobile&quot;:&quot;&quot;,&quot;jet_parallax_layout_bg_size&quot;:&quot;auto&quot;,&quot;jet_parallax_layout_bg_size_tablet&quot;:&quot;&quot;,&quot;jet_parallax_layout_bg_size_mobile&quot;:&quot;&quot;,&quot;jet_parallax_layout_animation_prop&quot;:&quot;transform&quot;,&quot;jet_parallax_layout_on&quot;:[&quot;desktop&quot;,&quot;tablet&quot;]}]}\">\n\t\t\t\t\t\t<div class=\"elementor-container elementor-column-gap-default\">\n\t\t\t\t\t<div class=\"elementor-column elementor-col-50 elementor-top-column elementor-element elementor-element-9849cd6\" data-id=\"9849cd6\" data-element_type=\"column\">\n\t\t\t<div class=\"elementor-widget-wrap elementor-element-populated\">\n\t\t\t\t\t\t<div class=\"elementor-element elementor-element-76b70c1e elementor-hidden-phone elementor-widget elementor-widget-heading\" data-id=\"76b70c1e\" data-element_type=\"widget\" data-widget_type=\"heading.default\">\n\t\t\t\t<div class=\"elementor-widget-container\">\n\t\t\t\t\t<h2 class=\"elementor-heading-title elementor-size-default\">PROJECTS<\/h2>\t\t\t\t<\/div>\n\t\t\t\t<\/div>\n\t\t\t\t<div class=\"elementor-element elementor-element-4167b70f elementor-widget elementor-widget-heading\" data-id=\"4167b70f\" data-element_type=\"widget\" data-widget_type=\"heading.default\">\n\t\t\t\t<div class=\"elementor-widget-container\">\n\t\t\t\t\t<h2 class=\"elementor-heading-title elementor-size-default\">G\u00d6ZELER DIVERSION<br> WEIR\nAND HEPP<\/h2>\t\t\t\t<\/div>\n\t\t\t\t<\/div>\n\t\t\t\t<div class=\"elementor-element elementor-element-4e1f0132 elementor-widget elementor-widget-text-editor\" data-id=\"4e1f0132\" data-element_type=\"widget\" data-widget_type=\"text-editor.default\">\n\t\t\t\t<div class=\"elementor-widget-container\">\n\t\t\t\t\t\t\t\t\t<p>G\u00f6zeler Diversion Weir and HEPP Project is located in Gen\u00e7 District of Bing\u00f6l Province in the Eastern Anatolia Region. The project, which will be developed on the Murat River, will contribute 362.76 GWh in meeting the annual energy demand of Turkey.<\/p><p><span style=\"letter-spacing: 0px; word-spacing: normal;\">The body of the diversion weir is planned to be constructed as a fill while the spillway and the water intake structures are planned to be reinforced concrete. Its height from the thalweg and fill volume will be 24.00 m\u00a0<\/span><span style=\"letter-spacing: 0px; word-spacing: normal;\">and 2,100,000 m<\/span><span style=\"letter-spacing: 0px; word-spacing: normal;\">\u00b3<\/span><span style=\"letter-spacing: 0px; word-spacing: normal;\">\u00a0respectively.\u00a0<\/span><span style=\"letter-spacing: 0px; word-spacing: normal;\">The reinforced concrete spillway structure has a discharge capacity of 4,240\u00a0<\/span><span style=\"letter-spacing: 0px; word-spacing: normal;\">m<\/span><span style=\"letter-spacing: 0px; word-spacing: normal;\">\u00b3<\/span><span style=\"letter-spacing: 0px; word-spacing: normal;\">\/<\/span><span style=\"letter-spacing: 0px; word-spacing: normal;\">s.<\/span><\/p><p><span style=\"letter-spacing: 0px; word-spacing: normal;\">In the G\u00f6zeler Project, the powerhouse with a total installed capacity of 140.85 MWe is designed adjacent to the weir body, and it consists of 3 main units and 1 small unit.<\/span><\/p><p><span style=\"letter-spacing: 0px; word-spacing: normal;\">With a total crest length of 1,240 m, G\u00f6zeler Diversion Weir and HEPP will be one of <\/span><b style=\"letter-spacing: 0px; word-spacing: normal;\">the largest diversion weirs and run-of-river type HEPPs by crest length<\/b><span style=\"letter-spacing: 0px; word-spacing: normal;\"> in Turkey.<\/span><\/p>\t\t\t\t\t\t\t\t<\/div>\n\t\t\t\t<\/div>\n\t\t\t\t<div class=\"elementor-element elementor-element-77b9996a elementor-widget elementor-widget-text-editor\" data-id=\"77b9996a\" data-element_type=\"widget\" data-widget_type=\"text-editor.default\">\n\t\t\t\t<div class=\"elementor-widget-container\">\n\t\t\t\t\t\t\t\t\t<table class=\"projelertab\"><tbody><tr><td>Company<\/td><td>Kalehan G\u00f6zeler Enerji \u00dcretim A.\u015e.<\/td><\/tr><tr><td>License No<\/td><td>E\u00dc\/5017-2\/03122 &#8211; 21.05.2014<\/td><\/tr><tr><td>Installed Capacity<\/td><td>143.00 MWm \/ 140.85 MWe<\/td><\/tr><tr><td>Total Energy<\/td><td>362.76 GWh<\/td><\/tr><tr><td>Design Discharge<\/td><td>611.00 m\u00b3\/s<\/td><\/tr><tr><td>Gross Head<\/td><td>26.00 m<\/td><\/tr><tr><td>Net Head<\/td><td>25.73 m<\/td><\/tr><tr><td>Crest Elevation<\/td><td>1,014.00 m<\/td><\/tr><tr><td>Flood Water Level<\/td><td>1,011.00 m<\/td><\/tr><tr><td>Operation Level<\/td><td>1,011.00 m<\/td><\/tr><tr><td>Minimum Water Level<\/td><td>1,011.00 m<\/td><\/tr><tr><td>Thalweg Elevation<\/td><td>990.00 m<\/td><\/tr><tr><td>Tailwater Elevation<\/td><td>985.00 m<\/td><\/tr><\/tbody><\/table>\t\t\t\t\t\t\t\t<\/div>\n\t\t\t\t<\/div>\n\t\t\t\t\t<\/div>\n\t\t<\/div>\n\t\t\t\t<div class=\"elementor-column elementor-col-50 elementor-top-column elementor-element elementor-element-3fad4feb\" data-id=\"3fad4feb\" data-element_type=\"column\">\n\t\t\t<div class=\"elementor-widget-wrap elementor-element-populated\">\n\t\t\t\t\t\t<div class=\"elementor-element elementor-element-30bb5c0e elementor-arrows-position-inside elementor-widget elementor-widget-image-carousel\" data-id=\"30bb5c0e\" data-element_type=\"widget\" data-settings=\"{&quot;slides_to_show&quot;:&quot;1&quot;,&quot;navigation&quot;:&quot;arrows&quot;,&quot;autoplay&quot;:&quot;no&quot;,&quot;infinite&quot;:&quot;yes&quot;,&quot;effect&quot;:&quot;slide&quot;,&quot;speed&quot;:500}\" data-widget_type=\"image-carousel.default\">\n\t\t\t\t<div class=\"elementor-widget-container\">\n\t\t\t\t\t\t\t<div class=\"elementor-image-carousel-wrapper swiper\" role=\"region\" aria-roledescription=\"carousel\" aria-label=\"Image Carousel\" dir=\"ltr\">\n\t\t\t<div class=\"elementor-image-carousel swiper-wrapper\" aria-live=\"polite\">\n\t\t\t\t\t\t\t\t<div class=\"swiper-slide\" role=\"group\" aria-roledescription=\"slide\" aria-label=\"1 of 5\"><figure class=\"swiper-slide-inner\"><img decoding=\"async\" class=\"swiper-slide-image\" src=\"https:\/\/kalehan.com.tr\/wp-content\/uploads\/2018\/02\/Kalehan-Gozeler-1.jpg\" alt=\"Kalehan-Gozeler-1\" \/><\/figure><\/div><div class=\"swiper-slide\" role=\"group\" aria-roledescription=\"slide\" aria-label=\"2 of 5\"><figure class=\"swiper-slide-inner\"><img decoding=\"async\" class=\"swiper-slide-image\" src=\"https:\/\/kalehan.com.tr\/wp-content\/uploads\/2018\/02\/Kalehan-Gozeler-2.jpg\" alt=\"Kalehan-Gozeler-2\" \/><\/figure><\/div><div class=\"swiper-slide\" role=\"group\" aria-roledescription=\"slide\" aria-label=\"3 of 5\"><figure class=\"swiper-slide-inner\"><img decoding=\"async\" class=\"swiper-slide-image\" src=\"https:\/\/kalehan.com.tr\/wp-content\/uploads\/2018\/02\/Kalehan-Gozeler-3.jpg\" alt=\"Kalehan-Gozeler-3\" \/><\/figure><\/div><div class=\"swiper-slide\" role=\"group\" aria-roledescription=\"slide\" aria-label=\"4 of 5\"><figure class=\"swiper-slide-inner\"><img decoding=\"async\" class=\"swiper-slide-image\" src=\"https:\/\/kalehan.com.tr\/wp-content\/uploads\/2018\/02\/Kalehan-Gozeler-4.jpg\" alt=\"Kalehan-Gozeler-4\" \/><\/figure><\/div><div class=\"swiper-slide\" role=\"group\" aria-roledescription=\"slide\" aria-label=\"5 of 5\"><figure class=\"swiper-slide-inner\"><img decoding=\"async\" class=\"swiper-slide-image\" src=\"https:\/\/kalehan.com.tr\/wp-content\/uploads\/2018\/02\/Kalehan-Gozeler-5.jpg\" alt=\"Kalehan-Gozeler-5\" \/><\/figure><\/div>\t\t\t<\/div>\n\t\t\t\t\t\t\t\t\t\t\t\t<div class=\"elementor-swiper-button elementor-swiper-button-prev\" role=\"button\" tabindex=\"0\">\n\t\t\t\t\t\t<i aria-hidden=\"true\" class=\"eicon-chevron-left\"><\/i>\t\t\t\t\t<\/div>\n\t\t\t\t\t<div class=\"elementor-swiper-button elementor-swiper-button-next\" role=\"button\" tabindex=\"0\">\n\t\t\t\t\t\t<i aria-hidden=\"true\" class=\"eicon-chevron-right\"><\/i>\t\t\t\t\t<\/div>\n\t\t\t\t\n\t\t\t\t\t\t\t\t\t<\/div>\n\t\t\t\t\t\t<\/div>\n\t\t\t\t<\/div>\n\t\t\t\t<div class=\"elementor-element elementor-element-34305372 elementor-widget elementor-widget-jet-images-layout\" data-id=\"34305372\" data-element_type=\"widget\" data-settings=\"{&quot;columns_tablet&quot;:&quot;3&quot;,&quot;columns_mobile&quot;:&quot;2&quot;,&quot;columns&quot;:3}\" data-widget_type=\"jet-images-layout.default\">\n\t\t\t\t<div class=\"elementor-widget-container\">\n\t\t\t\t\t<div class=\"elementor-jet-images-layout jet-elements\">\n<div class=\"jet-images-layout layout-type-grid\" data-settings='{&quot;layoutType&quot;:&quot;grid&quot;,&quot;justifyHeight&quot;:300}'>\n\t<div class=\"jet-images-layout__list col-row disable-cols-gap disable-rows-gap column-desktop-3 column-tablet-3 column-mobile-2\" >\n<div class=\"jet-images-layout__item col-desk-3 col-tab-3 col-mob-2\">\n\t<div class=\"jet-images-layout__inner\">\n\t\t<div class=\"jet-images-layout__image-loader\"><span><\/span><\/div>\n\t\t<a class=\"jet-images-layout__link \" href=\"https:\/\/kalehan.com.tr\/wp-content\/uploads\/2018\/02\/Kalehan-Gozeler-1.jpg\" data-elementor-open-lightbox=\"yes\" data-elementor-lightbox-slideshow=\"34305372\">\n\t\t\t<div class=\"jet-images-layout__image\">\n\t\t\t\t<img decoding=\"async\" class=\"jet-images-layout__image-instance\" src=\"https:\/\/kalehan.com.tr\/wp-content\/uploads\/2018\/02\/Kalehan-Gozeler-1.jpg\" alt=\"Kalehan-Gozeler-1\" loading=\"lazy\">\t\t\t<\/div>\n\t\t\t<div class=\"jet-images-layout__content\"><\/div>\n\t\t<\/a>\n\t<\/div>\n<\/div>\n<div class=\"jet-images-layout__item col-desk-3 col-tab-3 col-mob-2\">\n\t<div class=\"jet-images-layout__inner\">\n\t\t<div class=\"jet-images-layout__image-loader\"><span><\/span><\/div>\n\t\t<a class=\"jet-images-layout__link \" href=\"https:\/\/kalehan.com.tr\/wp-content\/uploads\/2018\/02\/Kalehan-Gozeler-2.jpg\" data-elementor-open-lightbox=\"yes\" data-elementor-lightbox-slideshow=\"34305372\">\n\t\t\t<div class=\"jet-images-layout__image\">\n\t\t\t\t<img decoding=\"async\" class=\"jet-images-layout__image-instance\" src=\"https:\/\/kalehan.com.tr\/wp-content\/uploads\/2018\/02\/Kalehan-Gozeler-2.jpg\" alt=\"Kalehan-Gozeler-2\" loading=\"lazy\">\t\t\t<\/div>\n\t\t\t<div class=\"jet-images-layout__content\"><\/div>\n\t\t<\/a>\n\t<\/div>\n<\/div>\n<div class=\"jet-images-layout__item col-desk-3 col-tab-3 col-mob-2\">\n\t<div class=\"jet-images-layout__inner\">\n\t\t<div class=\"jet-images-layout__image-loader\"><span><\/span><\/div>\n\t\t<a class=\"jet-images-layout__link \" href=\"https:\/\/kalehan.com.tr\/wp-content\/uploads\/2018\/02\/Kalehan-Gozeler-3.jpg\" data-elementor-open-lightbox=\"yes\" data-elementor-lightbox-slideshow=\"34305372\">\n\t\t\t<div class=\"jet-images-layout__image\">\n\t\t\t\t<img decoding=\"async\" class=\"jet-images-layout__image-instance\" src=\"https:\/\/kalehan.com.tr\/wp-content\/uploads\/2018\/02\/Kalehan-Gozeler-3.jpg\" alt=\"Kalehan-Gozeler-3\" loading=\"lazy\">\t\t\t<\/div>\n\t\t\t<div class=\"jet-images-layout__content\"><\/div>\n\t\t<\/a>\n\t<\/div>\n<\/div>\n<div class=\"jet-images-layout__item col-desk-3 col-tab-3 col-mob-2\">\n\t<div class=\"jet-images-layout__inner\">\n\t\t<div class=\"jet-images-layout__image-loader\"><span><\/span><\/div>\n\t\t<a class=\"jet-images-layout__link \" href=\"https:\/\/kalehan.com.tr\/wp-content\/uploads\/2018\/02\/Kalehan-Gozeler-4.jpg\" data-elementor-open-lightbox=\"yes\" data-elementor-lightbox-slideshow=\"34305372\">\n\t\t\t<div class=\"jet-images-layout__image\">\n\t\t\t\t<img decoding=\"async\" class=\"jet-images-layout__image-instance\" src=\"https:\/\/kalehan.com.tr\/wp-content\/uploads\/2018\/02\/Kalehan-Gozeler-4.jpg\" alt=\"Kalehan-Gozeler-4\" loading=\"lazy\">\t\t\t<\/div>\n\t\t\t<div class=\"jet-images-layout__content\"><\/div>\n\t\t<\/a>\n\t<\/div>\n<\/div>\n<div class=\"jet-images-layout__item col-desk-3 col-tab-3 col-mob-2\">\n\t<div class=\"jet-images-layout__inner\">\n\t\t<div class=\"jet-images-layout__image-loader\"><span><\/span><\/div>\n\t\t<a class=\"jet-images-layout__link \" href=\"https:\/\/kalehan.com.tr\/wp-content\/uploads\/2018\/02\/Kalehan-Gozeler-5.jpg\" data-elementor-open-lightbox=\"yes\" data-elementor-lightbox-slideshow=\"34305372\">\n\t\t\t<div class=\"jet-images-layout__image\">\n\t\t\t\t<img decoding=\"async\" class=\"jet-images-layout__image-instance\" src=\"https:\/\/kalehan.com.tr\/wp-content\/uploads\/2018\/02\/Kalehan-Gozeler-5.jpg\" alt=\"Kalehan-Gozeler-5\" loading=\"lazy\">\t\t\t<\/div>\n\t\t\t<div class=\"jet-images-layout__content\"><\/div>\n\t\t<\/a>\n\t<\/div>\n<\/div>\n<div class=\"jet-images-layout__item col-desk-3 col-tab-3 col-mob-2\">\n\t<div class=\"jet-images-layout__inner\">\n\t\t<div class=\"jet-images-layout__image-loader\"><span><\/span><\/div>\n\t\t<a class=\"jet-images-layout__link \" href=\"https:\/\/kalehan.com.tr\/wp-content\/uploads\/2022\/03\/gozeler-2022.jpg\" data-elementor-open-lightbox=\"yes\" data-elementor-lightbox-slideshow=\"34305372\">\n\t\t\t<div class=\"jet-images-layout__image\">\n\t\t\t\t<img decoding=\"async\" class=\"jet-images-layout__image-instance\" src=\"https:\/\/kalehan.com.tr\/wp-content\/uploads\/2022\/03\/gozeler-2022.jpg\" alt=\"gozeler-2022\" loading=\"lazy\">\t\t\t<\/div>\n\t\t\t<div class=\"jet-images-layout__content\"><\/div>\n\t\t<\/a>\n\t<\/div>\n<\/div>\n<\/div><\/div>\n<\/div>\t\t\t\t<\/div>\n\t\t\t\t<\/div>\n\t\t\t\t\t<\/div>\n\t\t<\/div>\n\t\t\t\t\t<\/div>\n\t\t<\/section>\n\t\t\t\t<\/div>\n\t\t","protected":false},"excerpt":{"rendered":"<p>PROJECTS G\u00d6ZELER DIVERSION WEIR AND HEPP G\u00f6zeler Diversion Weir and HEPP Project is located in Gen\u00e7 District of Bing\u00f6l Province in the Eastern Anatolia Region. The project, which will be developed on the Murat River, will contribute 362.76 GWh in meeting the annual energy demand of Turkey. The body of the diversion weir is planned&hellip;<\/p>\n","protected":false},"author":1,"featured_media":0,"parent":887,"menu_order":6,"comment_status":"closed","ping_status":"closed","template":"","meta":[],"class_list":["post-1136","page","type-page","status-publish","hentry","description-off"],"aioseo_notices":[],"_links":{"self":[{"href":"https:\/\/kalehan.com.tr\/en\/wp-json\/wp\/v2\/pages\/1136","targetHints":{"allow":["GET"]}}],"collection":[{"href":"https:\/\/kalehan.com.tr\/en\/wp-json\/wp\/v2\/pages"}],"about":[{"href":"https:\/\/kalehan.com.tr\/en\/wp-json\/wp\/v2\/types\/page"}],"author":[{"embeddable":true,"href":"https:\/\/kalehan.com.tr\/en\/wp-json\/wp\/v2\/users\/1"}],"replies":[{"embeddable":true,"href":"https:\/\/kalehan.com.tr\/en\/wp-json\/wp\/v2\/comments?post=1136"}],"version-history":[{"count":0,"href":"https:\/\/kalehan.com.tr\/en\/wp-json\/wp\/v2\/pages\/1136\/revisions"}],"up":[{"embeddable":true,"href":"https:\/\/kalehan.com.tr\/en\/wp-json\/wp\/v2\/pages\/887"}],"wp:attachment":[{"href":"https:\/\/kalehan.com.tr\/en\/wp-json\/wp\/v2\/media?parent=1136"}],"curies":[{"name":"wp","href":"https:\/\/api.w.org\/{rel}","templated":true}]}}