{"id":1133,"date":"2018-02-15T01:06:00","date_gmt":"2018-02-14T22:06:00","guid":{"rendered":"https:\/\/kalehan.com.tr\/projects\/asagi-kalekoy-baraji-ve-hes\/"},"modified":"2024-12-11T10:42:27","modified_gmt":"2024-12-11T07:42:27","slug":"lower-kalekoy-dam-and-hepp","status":"publish","type":"page","link":"https:\/\/kalehan.com.tr\/en\/projects\/lower-kalekoy-dam-and-hepp\/","title":{"rendered":"A\u015fa\u011f\u0131 Kalek\u00f6y Dam and HEPP"},"content":{"rendered":"\t\t<div data-elementor-type=\"wp-post\" data-elementor-id=\"1133\" class=\"elementor elementor-1133\" data-elementor-post-type=\"page\">\n\t\t\t\t\t\t<section class=\"elementor-section elementor-top-section elementor-element elementor-element-58ac5a8f elementor-section-items-top elementor-section-height-min-height elementor-section-boxed elementor-section-height-default\" data-id=\"58ac5a8f\" data-element_type=\"section\" data-settings=\"{&quot;jet_parallax_layout_list&quot;:[{&quot;jet_parallax_layout_image&quot;:{&quot;url&quot;:&quot;&quot;,&quot;id&quot;:&quot;&quot;,&quot;size&quot;:&quot;&quot;},&quot;_id&quot;:&quot;674044c&quot;,&quot;jet_parallax_layout_speed&quot;:{&quot;unit&quot;:&quot;%&quot;,&quot;size&quot;:50,&quot;sizes&quot;:[]},&quot;jet_parallax_layout_image_tablet&quot;:{&quot;url&quot;:&quot;&quot;,&quot;id&quot;:&quot;&quot;,&quot;size&quot;:&quot;&quot;},&quot;jet_parallax_layout_image_mobile&quot;:{&quot;url&quot;:&quot;&quot;,&quot;id&quot;:&quot;&quot;,&quot;size&quot;:&quot;&quot;},&quot;jet_parallax_layout_type&quot;:&quot;scroll&quot;,&quot;jet_parallax_layout_direction&quot;:null,&quot;jet_parallax_layout_fx_direction&quot;:null,&quot;jet_parallax_layout_z_index&quot;:&quot;&quot;,&quot;jet_parallax_layout_bg_x&quot;:50,&quot;jet_parallax_layout_bg_x_tablet&quot;:&quot;&quot;,&quot;jet_parallax_layout_bg_x_mobile&quot;:&quot;&quot;,&quot;jet_parallax_layout_bg_y&quot;:50,&quot;jet_parallax_layout_bg_y_tablet&quot;:&quot;&quot;,&quot;jet_parallax_layout_bg_y_mobile&quot;:&quot;&quot;,&quot;jet_parallax_layout_bg_size&quot;:&quot;auto&quot;,&quot;jet_parallax_layout_bg_size_tablet&quot;:&quot;&quot;,&quot;jet_parallax_layout_bg_size_mobile&quot;:&quot;&quot;,&quot;jet_parallax_layout_animation_prop&quot;:&quot;transform&quot;,&quot;jet_parallax_layout_on&quot;:[&quot;desktop&quot;,&quot;tablet&quot;]}]}\">\n\t\t\t\t\t\t<div class=\"elementor-container elementor-column-gap-default\">\n\t\t\t\t\t<div class=\"elementor-column elementor-col-50 elementor-top-column elementor-element elementor-element-2848e88b\" data-id=\"2848e88b\" data-element_type=\"column\">\n\t\t\t<div class=\"elementor-widget-wrap elementor-element-populated\">\n\t\t\t\t\t\t<div class=\"elementor-element elementor-element-2e0f4b7b elementor-hidden-phone elementor-widget elementor-widget-heading\" data-id=\"2e0f4b7b\" data-element_type=\"widget\" data-widget_type=\"heading.default\">\n\t\t\t\t<div class=\"elementor-widget-container\">\n\t\t\t\t\t<h2 class=\"elementor-heading-title elementor-size-default\">PROJECTS<\/h2>\t\t\t\t<\/div>\n\t\t\t\t<\/div>\n\t\t\t\t<div class=\"elementor-element elementor-element-58e8f584 elementor-widget elementor-widget-heading\" data-id=\"58e8f584\" data-element_type=\"widget\" data-widget_type=\"heading.default\">\n\t\t\t\t<div class=\"elementor-widget-container\">\n\t\t\t\t\t<h2 class=\"elementor-heading-title elementor-size-default\">A\u015eA\u011eI KALEK\u00d6Y<br>\nDAM AND HEPP<\/h2>\t\t\t\t<\/div>\n\t\t\t\t<\/div>\n\t\t\t\t<div class=\"elementor-element elementor-element-41dbe332 elementor-widget elementor-widget-text-editor\" data-id=\"41dbe332\" data-element_type=\"widget\" data-widget_type=\"text-editor.default\">\n\t\t\t\t<div class=\"elementor-widget-container\">\n\t\t\t\t\t\t\t\t\t<p>A\u015fa\u011f\u0131 (Lower) Kalek\u00f6y Dam and HEPP Project is located 2 km downstream of the confluence of Yi\u011fitler (Vahkin) Stream and Murat River. It is located 15 km northeast of Gen\u00e7 District in Bing\u00f6l Province. The construction of the facility built on the Murat River was completed in December 2019. With its installed capacity of 500.00 MWe, the facility started generating 1,219.20 GWh energy annually in the first quarter of 2020.<\/p>\n<p>The composite body of the A\u015fa\u011f\u0131 (Lower) Kalek\u00f6y Dam is planned as an asphalt core embankment at the left bank and RCC at the right bank. With this design feature, the Lower Kalekoy Project is the first Asphalt Core Dam in Turkey, and it has 4,800,000 m\u00b3 fill volume and 1,900,000 m\u00b3 RCC volume. The width of the 945.00 m-long crest is 10.00 m and its height from the thalweg and the foundation are 95.00 m and 107.00 m respectively.<\/p>\n<p>The powerhouse, which is designed independently from the dam body, is composed of 3 main and 1 small units (3 x 155.49 MWe + 33.53 MWe) located on the right bank.<\/p>\n<p>The 4-radial-gated spillway structure was constructed on the right bank over the RCC dam body, and its discharge capacity is 9,247 m\u00b3\/s.<\/p>\n<p>Moreover, with its 500.00 MWe installed capacity, A\u015fa\u011f\u0131 (Lower) Kalek\u00f6y Dam and HEPP, which started operation in 2020, is <strong>the 6\u1d57\u02b0 Largest HEPP by Installed Capacity<\/strong> in Turkey developed by the private sector.<\/p>\t\t\t\t\t\t\t\t<\/div>\n\t\t\t\t<\/div>\n\t\t\t\t<div class=\"elementor-element elementor-element-b68ca9c elementor-widget elementor-widget-heading\" data-id=\"b68ca9c\" data-element_type=\"widget\" data-widget_type=\"heading.default\">\n\t\t\t\t<div class=\"elementor-widget-container\">\n\t\t\t\t\t<h2 class=\"elementor-heading-title elementor-size-default\">Lower Kalek\u00f6y<br> Auxiliary Resource SPP<\/h2>\t\t\t\t<\/div>\n\t\t\t\t<\/div>\n\t\t\t\t<div class=\"elementor-element elementor-element-cd7b613 elementor-widget elementor-widget-text-editor\" data-id=\"cd7b613\" data-element_type=\"widget\" data-widget_type=\"text-editor.default\">\n\t\t\t\t<div class=\"elementor-widget-container\">\n\t\t\t\t\t\t\t\t\t<p>The A\u015fa\u011f\u0131 (Lower) Kalek\u00f6y Auxiliary Resource Solar Power Plant (SPP) Project is established downstream of the A\u015fa\u011f\u0131 (Lower) Kalek\u00f6y Dam, on the right and left banks of the river restoration area on 1,100 decare land rehabilitated during HEPP construction, within the boundaries of the A\u015fa\u011f\u0131 (Lower) Kalek\u00f6y Dam and HEPP Project\u2019s approved Environmental Impact Assessment (EIA) and the expropriation boundaries approved by EMRA.<\/p><p>The energy produced by the facility with a total installed capacity of 79.99 MWm (total of left- and right-bank sections), is transmitted by an overhead line to the A\u015fa\u011f\u0131 (Lower) Kalek\u00f6y Dam and HEPP Switchyard and from there to the interconnected system via the existing transformer in the powerhouse of the A\u015fa\u011f\u0131 (Lower) Kalek\u00f6y Dam and HEPP Project.<\/p><p>The A\u015fa\u011f\u0131 (Lower) Kalek\u00f6y Auxiliary Source SPP Facility was commissioned in the last quarter of 2020, and hence the A\u015fa\u011f\u0131 (Lower) Kalek\u00f6y Dam and HEPP became <strong>the First Hybrid Renewable Electricity Generation Plant<\/strong> in Turkey.<\/p><p>In addition to this title, with 200,000 solar panels and 79.99 MWm installed capacity, A\u015fa\u011f\u0131 (Lower) Kalek\u00f6y Auxiliary Resource SPP becomes <strong>Turkey\u2019s Biggest Solar Power Plant<\/strong> except YEKA.<\/p>\t\t\t\t\t\t\t\t<\/div>\n\t\t\t\t<\/div>\n\t\t\t\t<div class=\"elementor-element elementor-element-684f1dc elementor-widget elementor-widget-text-editor\" data-id=\"684f1dc\" data-element_type=\"widget\" data-widget_type=\"text-editor.default\">\n\t\t\t\t<div class=\"elementor-widget-container\">\n\t\t\t\t\t\t\t\t\t<table class=\"projelertab\"><tbody><tr><td>Company<\/td><td>Kalehan Gen\u00e7 Enerji \u00dcretim A.\u015e.<\/td><\/tr><tr><td>License No<\/td><td>E\u00dc\/5017-2\/03126 &#8211; 21.05.2014<\/td><\/tr><tr><td>Installed Capacity<\/td><td>510.20 MWm \/ 500.00 MWe<\/td><\/tr><tr><td>Total Energy<\/td><td>1,219.20 GWh<\/td><\/tr><tr><td>Design Discharge<\/td><td>628.73 m\u00b3\/s<\/td><\/tr><tr><td>Gross Head<\/td><td>88.49 m<\/td><\/tr><tr><td>Net Head<\/td><td>87.55 m<\/td><\/tr><tr><td>Crest Elevation<\/td><td>1,107.00 m<\/td><\/tr><tr><td>Flood Water Level<\/td><td>1,103.00 m<\/td><\/tr><tr><td>Operation Level<\/td><td>1,102.50 m<\/td><\/tr><tr><td>Minimum Water Level<\/td><td>1,085.00 m<\/td><\/tr><tr><td>Thalweg Elevation<\/td><td>1,012.00 m<\/td><\/tr><tr><td>Tailwater Elevation<\/td><td>1,011.00 m<\/td><\/tr><\/tbody><\/table>\t\t\t\t\t\t\t\t<\/div>\n\t\t\t\t<\/div>\n\t\t\t\t\t<\/div>\n\t\t<\/div>\n\t\t\t\t<div class=\"elementor-column elementor-col-50 elementor-top-column elementor-element elementor-element-47814d62\" data-id=\"47814d62\" data-element_type=\"column\">\n\t\t\t<div class=\"elementor-widget-wrap elementor-element-populated\">\n\t\t\t\t\t\t<div class=\"elementor-element elementor-element-211bf79f elementor-arrows-position-inside elementor-widget elementor-widget-image-carousel\" data-id=\"211bf79f\" data-element_type=\"widget\" data-settings=\"{&quot;slides_to_show&quot;:&quot;1&quot;,&quot;navigation&quot;:&quot;arrows&quot;,&quot;autoplay&quot;:&quot;no&quot;,&quot;infinite&quot;:&quot;yes&quot;,&quot;effect&quot;:&quot;slide&quot;,&quot;speed&quot;:500}\" data-widget_type=\"image-carousel.default\">\n\t\t\t\t<div class=\"elementor-widget-container\">\n\t\t\t\t\t\t\t<div class=\"elementor-image-carousel-wrapper swiper\" role=\"region\" aria-roledescription=\"carousel\" aria-label=\"Image Carousel\" dir=\"ltr\">\n\t\t\t<div class=\"elementor-image-carousel swiper-wrapper\" aria-live=\"polite\">\n\t\t\t\t\t\t\t\t<div class=\"swiper-slide\" role=\"group\" aria-roledescription=\"slide\" aria-label=\"1 of 9\"><figure class=\"swiper-slide-inner\"><img decoding=\"async\" class=\"swiper-slide-image\" src=\"https:\/\/kalehan.com.tr\/wp-content\/uploads\/2021\/01\/asagi-kalekoy-2021-01.jpg\" alt=\"asagi-kalekoy-2021-01\" \/><\/figure><\/div><div class=\"swiper-slide\" role=\"group\" aria-roledescription=\"slide\" aria-label=\"2 of 9\"><figure class=\"swiper-slide-inner\"><img decoding=\"async\" class=\"swiper-slide-image\" src=\"https:\/\/kalehan.com.tr\/wp-content\/uploads\/2022\/05\/akalekoymayis2022-2-9.jpg\" alt=\"akalekoymayis2022-2-9\" \/><\/figure><\/div><div class=\"swiper-slide\" role=\"group\" aria-roledescription=\"slide\" aria-label=\"3 of 9\"><figure class=\"swiper-slide-inner\"><img decoding=\"async\" class=\"swiper-slide-image\" src=\"https:\/\/kalehan.com.tr\/wp-content\/uploads\/2022\/05\/akalekoymayis2022-3-9.jpg\" alt=\"akalekoymayis2022-3-9\" \/><\/figure><\/div><div class=\"swiper-slide\" role=\"group\" aria-roledescription=\"slide\" aria-label=\"4 of 9\"><figure class=\"swiper-slide-inner\"><img decoding=\"async\" class=\"swiper-slide-image\" src=\"https:\/\/kalehan.com.tr\/wp-content\/uploads\/2022\/05\/akalekoymayis2022-4-9.jpg\" alt=\"akalekoymayis2022-4-9\" \/><\/figure><\/div><div class=\"swiper-slide\" role=\"group\" aria-roledescription=\"slide\" aria-label=\"5 of 9\"><figure class=\"swiper-slide-inner\"><img decoding=\"async\" class=\"swiper-slide-image\" src=\"https:\/\/kalehan.com.tr\/wp-content\/uploads\/2021\/01\/asagi-kalekoy-2021-05.jpg\" alt=\"asagi-kalekoy-2021-05\" \/><\/figure><\/div><div class=\"swiper-slide\" role=\"group\" aria-roledescription=\"slide\" aria-label=\"6 of 9\"><figure class=\"swiper-slide-inner\"><img decoding=\"async\" class=\"swiper-slide-image\" src=\"https:\/\/kalehan.com.tr\/wp-content\/uploads\/2022\/05\/akalekoymayis2022-6-9.jpg\" alt=\"akalekoymayis2022-6-9\" \/><\/figure><\/div><div class=\"swiper-slide\" role=\"group\" aria-roledescription=\"slide\" aria-label=\"7 of 9\"><figure class=\"swiper-slide-inner\"><img decoding=\"async\" class=\"swiper-slide-image\" src=\"https:\/\/kalehan.com.tr\/wp-content\/uploads\/2022\/05\/akalekoymayis2022-7-9.jpg\" alt=\"akalekoymayis2022-7-9\" \/><\/figure><\/div><div class=\"swiper-slide\" role=\"group\" aria-roledescription=\"slide\" aria-label=\"8 of 9\"><figure class=\"swiper-slide-inner\"><img decoding=\"async\" class=\"swiper-slide-image\" src=\"https:\/\/kalehan.com.tr\/wp-content\/uploads\/2021\/01\/asagi-kalekoy-2021-06.jpg\" alt=\"asagi-kalekoy-2021-06\" \/><\/figure><\/div><div class=\"swiper-slide\" role=\"group\" aria-roledescription=\"slide\" aria-label=\"9 of 9\"><figure class=\"swiper-slide-inner\"><img decoding=\"async\" class=\"swiper-slide-image\" src=\"https:\/\/kalehan.com.tr\/wp-content\/uploads\/2021\/01\/asagi-kalekoy-2021-08.jpg\" alt=\"asagi-kalekoy-2021-08\" \/><\/figure><\/div>\t\t\t<\/div>\n\t\t\t\t\t\t\t\t\t\t\t\t<div class=\"elementor-swiper-button elementor-swiper-button-prev\" role=\"button\" tabindex=\"0\">\n\t\t\t\t\t\t<i aria-hidden=\"true\" class=\"eicon-chevron-left\"><\/i>\t\t\t\t\t<\/div>\n\t\t\t\t\t<div class=\"elementor-swiper-button elementor-swiper-button-next\" role=\"button\" tabindex=\"0\">\n\t\t\t\t\t\t<i aria-hidden=\"true\" class=\"eicon-chevron-right\"><\/i>\t\t\t\t\t<\/div>\n\t\t\t\t\n\t\t\t\t\t\t\t\t\t<\/div>\n\t\t\t\t\t\t<\/div>\n\t\t\t\t<\/div>\n\t\t\t\t<div class=\"elementor-element elementor-element-4049f4f2 elementor-widget elementor-widget-jet-images-layout\" data-id=\"4049f4f2\" data-element_type=\"widget\" data-settings=\"{&quot;columns_tablet&quot;:&quot;3&quot;,&quot;columns_mobile&quot;:&quot;2&quot;,&quot;columns&quot;:3}\" data-widget_type=\"jet-images-layout.default\">\n\t\t\t\t<div class=\"elementor-widget-container\">\n\t\t\t\t\t<div class=\"elementor-jet-images-layout jet-elements\">\n<div class=\"jet-images-layout layout-type-grid\" data-settings='{&quot;layoutType&quot;:&quot;grid&quot;,&quot;justifyHeight&quot;:300}'>\n\t<div class=\"jet-images-layout__list col-row disable-cols-gap disable-rows-gap column-desktop-3 column-tablet-3 column-mobile-2\" >\n<div class=\"jet-images-layout__item col-desk-3 col-tab-3 col-mob-2\">\n\t<div class=\"jet-images-layout__inner\">\n\t\t<div class=\"jet-images-layout__image-loader\"><span><\/span><\/div>\n\t\t<a class=\"jet-images-layout__link \" href=\"https:\/\/kalehan.com.tr\/wp-content\/uploads\/2021\/01\/asagi-kalekoy-2021-01.jpg\" data-elementor-open-lightbox=\"yes\" data-elementor-lightbox-slideshow=\"4049f4f2\">\n\t\t\t<div class=\"jet-images-layout__image\">\n\t\t\t\t<img decoding=\"async\" class=\"jet-images-layout__image-instance\" src=\"https:\/\/kalehan.com.tr\/wp-content\/uploads\/2021\/01\/asagi-kalekoy-2021-01.jpg\" alt=\"asagi-kalekoy-2021-01\" loading=\"lazy\">\t\t\t<\/div>\n\t\t\t<div class=\"jet-images-layout__content\"><\/div>\n\t\t<\/a>\n\t<\/div>\n<\/div>\n<div class=\"jet-images-layout__item col-desk-3 col-tab-3 col-mob-2\">\n\t<div class=\"jet-images-layout__inner\">\n\t\t<div class=\"jet-images-layout__image-loader\"><span><\/span><\/div>\n\t\t<a class=\"jet-images-layout__link \" href=\"https:\/\/kalehan.com.tr\/wp-content\/uploads\/2022\/05\/akalekoymayis2022-2-9.jpg\" data-elementor-open-lightbox=\"yes\" data-elementor-lightbox-slideshow=\"4049f4f2\">\n\t\t\t<div class=\"jet-images-layout__image\">\n\t\t\t\t<img decoding=\"async\" class=\"jet-images-layout__image-instance\" src=\"https:\/\/kalehan.com.tr\/wp-content\/uploads\/2022\/05\/akalekoymayis2022-2-9.jpg\" alt=\"akalekoymayis2022-2-9\" loading=\"lazy\">\t\t\t<\/div>\n\t\t\t<div class=\"jet-images-layout__content\"><\/div>\n\t\t<\/a>\n\t<\/div>\n<\/div>\n<div class=\"jet-images-layout__item col-desk-3 col-tab-3 col-mob-2\">\n\t<div class=\"jet-images-layout__inner\">\n\t\t<div class=\"jet-images-layout__image-loader\"><span><\/span><\/div>\n\t\t<a class=\"jet-images-layout__link \" href=\"https:\/\/kalehan.com.tr\/wp-content\/uploads\/2022\/05\/akalekoymayis2022-3-9.jpg\" data-elementor-open-lightbox=\"yes\" data-elementor-lightbox-slideshow=\"4049f4f2\">\n\t\t\t<div class=\"jet-images-layout__image\">\n\t\t\t\t<img decoding=\"async\" class=\"jet-images-layout__image-instance\" src=\"https:\/\/kalehan.com.tr\/wp-content\/uploads\/2022\/05\/akalekoymayis2022-3-9.jpg\" alt=\"akalekoymayis2022-3-9\" loading=\"lazy\">\t\t\t<\/div>\n\t\t\t<div class=\"jet-images-layout__content\"><\/div>\n\t\t<\/a>\n\t<\/div>\n<\/div>\n<div class=\"jet-images-layout__item col-desk-3 col-tab-3 col-mob-2\">\n\t<div class=\"jet-images-layout__inner\">\n\t\t<div class=\"jet-images-layout__image-loader\"><span><\/span><\/div>\n\t\t<a class=\"jet-images-layout__link \" href=\"https:\/\/kalehan.com.tr\/wp-content\/uploads\/2022\/05\/akalekoymayis2022-4-9.jpg\" data-elementor-open-lightbox=\"yes\" data-elementor-lightbox-slideshow=\"4049f4f2\">\n\t\t\t<div class=\"jet-images-layout__image\">\n\t\t\t\t<img decoding=\"async\" class=\"jet-images-layout__image-instance\" src=\"https:\/\/kalehan.com.tr\/wp-content\/uploads\/2022\/05\/akalekoymayis2022-4-9.jpg\" alt=\"akalekoymayis2022-4-9\" loading=\"lazy\">\t\t\t<\/div>\n\t\t\t<div class=\"jet-images-layout__content\"><\/div>\n\t\t<\/a>\n\t<\/div>\n<\/div>\n<div class=\"jet-images-layout__item col-desk-3 col-tab-3 col-mob-2\">\n\t<div class=\"jet-images-layout__inner\">\n\t\t<div class=\"jet-images-layout__image-loader\"><span><\/span><\/div>\n\t\t<a class=\"jet-images-layout__link \" href=\"https:\/\/kalehan.com.tr\/wp-content\/uploads\/2021\/01\/asagi-kalekoy-2021-05.jpg\" data-elementor-open-lightbox=\"yes\" data-elementor-lightbox-slideshow=\"4049f4f2\">\n\t\t\t<div class=\"jet-images-layout__image\">\n\t\t\t\t<img decoding=\"async\" class=\"jet-images-layout__image-instance\" src=\"https:\/\/kalehan.com.tr\/wp-content\/uploads\/2021\/01\/asagi-kalekoy-2021-05.jpg\" alt=\"asagi-kalekoy-2021-05\" loading=\"lazy\">\t\t\t<\/div>\n\t\t\t<div class=\"jet-images-layout__content\"><\/div>\n\t\t<\/a>\n\t<\/div>\n<\/div>\n<div class=\"jet-images-layout__item col-desk-3 col-tab-3 col-mob-2\">\n\t<div class=\"jet-images-layout__inner\">\n\t\t<div class=\"jet-images-layout__image-loader\"><span><\/span><\/div>\n\t\t<a class=\"jet-images-layout__link \" href=\"https:\/\/kalehan.com.tr\/wp-content\/uploads\/2022\/05\/akalekoymayis2022-6-9.jpg\" data-elementor-open-lightbox=\"yes\" data-elementor-lightbox-slideshow=\"4049f4f2\">\n\t\t\t<div class=\"jet-images-layout__image\">\n\t\t\t\t<img decoding=\"async\" class=\"jet-images-layout__image-instance\" src=\"https:\/\/kalehan.com.tr\/wp-content\/uploads\/2022\/05\/akalekoymayis2022-6-9.jpg\" alt=\"akalekoymayis2022-6-9\" loading=\"lazy\">\t\t\t<\/div>\n\t\t\t<div class=\"jet-images-layout__content\"><\/div>\n\t\t<\/a>\n\t<\/div>\n<\/div>\n<div class=\"jet-images-layout__item col-desk-3 col-tab-3 col-mob-2\">\n\t<div class=\"jet-images-layout__inner\">\n\t\t<div class=\"jet-images-layout__image-loader\"><span><\/span><\/div>\n\t\t<a class=\"jet-images-layout__link \" href=\"https:\/\/kalehan.com.tr\/wp-content\/uploads\/2022\/05\/akalekoymayis2022-7-9.jpg\" data-elementor-open-lightbox=\"yes\" data-elementor-lightbox-slideshow=\"4049f4f2\">\n\t\t\t<div class=\"jet-images-layout__image\">\n\t\t\t\t<img decoding=\"async\" class=\"jet-images-layout__image-instance\" src=\"https:\/\/kalehan.com.tr\/wp-content\/uploads\/2022\/05\/akalekoymayis2022-7-9.jpg\" alt=\"akalekoymayis2022-7-9\" loading=\"lazy\">\t\t\t<\/div>\n\t\t\t<div class=\"jet-images-layout__content\"><div class=\"jet-images-layout__icon\"><div class=\"jet-images-layout-icon-inner\"><i aria-hidden=\"true\" class=\"fab fa-sellsy\"><\/i><\/div><\/div><\/div>\n\t\t<\/a>\n\t<\/div>\n<\/div>\n<div class=\"jet-images-layout__item col-desk-3 col-tab-3 col-mob-2\">\n\t<div class=\"jet-images-layout__inner\">\n\t\t<div class=\"jet-images-layout__image-loader\"><span><\/span><\/div>\n\t\t<a class=\"jet-images-layout__link \" href=\"https:\/\/kalehan.com.tr\/wp-content\/uploads\/2021\/01\/asagi-kalekoy-2021-08.jpg\" data-elementor-open-lightbox=\"yes\" data-elementor-lightbox-slideshow=\"4049f4f2\">\n\t\t\t<div class=\"jet-images-layout__image\">\n\t\t\t\t<img decoding=\"async\" class=\"jet-images-layout__image-instance\" src=\"https:\/\/kalehan.com.tr\/wp-content\/uploads\/2021\/01\/asagi-kalekoy-2021-08.jpg\" alt=\"asagi-kalekoy-2021-08\" loading=\"lazy\">\t\t\t<\/div>\n\t\t\t<div class=\"jet-images-layout__content\"><div class=\"jet-images-layout__icon\"><div class=\"jet-images-layout-icon-inner\"><i aria-hidden=\"true\" class=\"fas fa-search-plus\"><\/i><\/div><\/div><\/div>\n\t\t<\/a>\n\t<\/div>\n<\/div>\n<div class=\"jet-images-layout__item col-desk-3 col-tab-3 col-mob-2\">\n\t<div class=\"jet-images-layout__inner\">\n\t\t<div class=\"jet-images-layout__image-loader\"><span><\/span><\/div>\n\t\t<a class=\"jet-images-layout__link \" href=\"https:\/\/kalehan.com.tr\/wp-content\/uploads\/2023\/04\/asagi-kalekoy-2022-2-c.jpg\" data-elementor-open-lightbox=\"yes\" data-elementor-lightbox-slideshow=\"4049f4f2\">\n\t\t\t<div class=\"jet-images-layout__image\">\n\t\t\t\t<img decoding=\"async\" class=\"jet-images-layout__image-instance\" src=\"https:\/\/kalehan.com.tr\/wp-content\/uploads\/2023\/04\/asagi-kalekoy-2022-2-c.jpg\" alt=\"asagi-kalekoy-2022-2-c\" loading=\"lazy\">\t\t\t<\/div>\n\t\t\t<div class=\"jet-images-layout__content\"><\/div>\n\t\t<\/a>\n\t<\/div>\n<\/div>\n<\/div><\/div>\n<\/div>\t\t\t\t<\/div>\n\t\t\t\t<\/div>\n\t\t\t\t\t<\/div>\n\t\t<\/div>\n\t\t\t\t\t<\/div>\n\t\t<\/section>\n\t\t\t\t<\/div>\n\t\t","protected":false},"excerpt":{"rendered":"<p>PROJECTS A\u015eA\u011eI KALEK\u00d6Y DAM AND HEPP A\u015fa\u011f\u0131 (Lower) Kalek\u00f6y Dam and HEPP Project is located 2 km downstream of the confluence of Yi\u011fitler (Vahkin) Stream and Murat River. It is located 15 km northeast of Gen\u00e7 District in Bing\u00f6l Province. The construction of the facility built on the Murat River was completed in December 2019.&hellip;<\/p>\n","protected":false},"author":1,"featured_media":0,"parent":887,"menu_order":3,"comment_status":"closed","ping_status":"closed","template":"","meta":[],"class_list":["post-1133","page","type-page","status-publish","hentry","description-off"],"aioseo_notices":[],"_links":{"self":[{"href":"https:\/\/kalehan.com.tr\/en\/wp-json\/wp\/v2\/pages\/1133","targetHints":{"allow":["GET"]}}],"collection":[{"href":"https:\/\/kalehan.com.tr\/en\/wp-json\/wp\/v2\/pages"}],"about":[{"href":"https:\/\/kalehan.com.tr\/en\/wp-json\/wp\/v2\/types\/page"}],"author":[{"embeddable":true,"href":"https:\/\/kalehan.com.tr\/en\/wp-json\/wp\/v2\/users\/1"}],"replies":[{"embeddable":true,"href":"https:\/\/kalehan.com.tr\/en\/wp-json\/wp\/v2\/comments?post=1133"}],"version-history":[{"count":13,"href":"https:\/\/kalehan.com.tr\/en\/wp-json\/wp\/v2\/pages\/1133\/revisions"}],"predecessor-version":[{"id":4345,"href":"https:\/\/kalehan.com.tr\/en\/wp-json\/wp\/v2\/pages\/1133\/revisions\/4345"}],"up":[{"embeddable":true,"href":"https:\/\/kalehan.com.tr\/en\/wp-json\/wp\/v2\/pages\/887"}],"wp:attachment":[{"href":"https:\/\/kalehan.com.tr\/en\/wp-json\/wp\/v2\/media?parent=1133"}],"curies":[{"name":"wp","href":"https:\/\/api.w.org\/{rel}","templated":true}]}}