{"id":1131,"date":"2018-02-10T02:24:40","date_gmt":"2018-02-09T23:24:40","guid":{"rendered":"https:\/\/kalehan.com.tr\/projects\/yukari-kalekoy-baraji-ve-hes\/"},"modified":"2024-12-11T10:41:49","modified_gmt":"2024-12-11T07:41:49","slug":"upper-kalekoy-dam-and-hepp","status":"publish","type":"page","link":"https:\/\/kalehan.com.tr\/en\/projects\/upper-kalekoy-dam-and-hepp\/","title":{"rendered":"Yukar\u0131 Kalek\u00f6y Dam and HEPP"},"content":{"rendered":"\t\t<div data-elementor-type=\"wp-post\" data-elementor-id=\"1131\" class=\"elementor elementor-1131\" data-elementor-post-type=\"page\">\n\t\t\t\t\t\t<section class=\"elementor-section elementor-top-section elementor-element elementor-element-6a15f13 elementor-section-items-top elementor-section-content-top elementor-section-height-min-height elementor-section-boxed elementor-section-height-default\" data-id=\"6a15f13\" data-element_type=\"section\" data-settings=\"{&quot;jet_parallax_layout_list&quot;:[{&quot;jet_parallax_layout_image&quot;:{&quot;url&quot;:&quot;&quot;,&quot;id&quot;:&quot;&quot;,&quot;size&quot;:&quot;&quot;},&quot;_id&quot;:&quot;08115cf&quot;,&quot;jet_parallax_layout_speed&quot;:{&quot;unit&quot;:&quot;%&quot;,&quot;size&quot;:50,&quot;sizes&quot;:[]},&quot;jet_parallax_layout_image_tablet&quot;:{&quot;url&quot;:&quot;&quot;,&quot;id&quot;:&quot;&quot;,&quot;size&quot;:&quot;&quot;},&quot;jet_parallax_layout_image_mobile&quot;:{&quot;url&quot;:&quot;&quot;,&quot;id&quot;:&quot;&quot;,&quot;size&quot;:&quot;&quot;},&quot;jet_parallax_layout_type&quot;:&quot;scroll&quot;,&quot;jet_parallax_layout_direction&quot;:null,&quot;jet_parallax_layout_fx_direction&quot;:null,&quot;jet_parallax_layout_z_index&quot;:&quot;&quot;,&quot;jet_parallax_layout_bg_x&quot;:50,&quot;jet_parallax_layout_bg_x_tablet&quot;:&quot;&quot;,&quot;jet_parallax_layout_bg_x_mobile&quot;:&quot;&quot;,&quot;jet_parallax_layout_bg_y&quot;:50,&quot;jet_parallax_layout_bg_y_tablet&quot;:&quot;&quot;,&quot;jet_parallax_layout_bg_y_mobile&quot;:&quot;&quot;,&quot;jet_parallax_layout_bg_size&quot;:&quot;auto&quot;,&quot;jet_parallax_layout_bg_size_tablet&quot;:&quot;&quot;,&quot;jet_parallax_layout_bg_size_mobile&quot;:&quot;&quot;,&quot;jet_parallax_layout_animation_prop&quot;:&quot;transform&quot;,&quot;jet_parallax_layout_on&quot;:[&quot;desktop&quot;,&quot;tablet&quot;]}]}\">\n\t\t\t\t\t\t<div class=\"elementor-container elementor-column-gap-default\">\n\t\t\t\t\t<div class=\"elementor-column elementor-col-50 elementor-top-column elementor-element elementor-element-d1d289e\" data-id=\"d1d289e\" data-element_type=\"column\">\n\t\t\t<div class=\"elementor-widget-wrap elementor-element-populated\">\n\t\t\t\t\t\t<div class=\"elementor-element elementor-element-75bfec4 elementor-hidden-phone elementor-widget elementor-widget-heading\" data-id=\"75bfec4\" data-element_type=\"widget\" data-widget_type=\"heading.default\">\n\t\t\t\t<div class=\"elementor-widget-container\">\n\t\t\t\t\t<h2 class=\"elementor-heading-title elementor-size-default\">PROJECTS<\/h2>\t\t\t\t<\/div>\n\t\t\t\t<\/div>\n\t\t\t\t<div class=\"elementor-element elementor-element-4c60f65 elementor-widget__width-initial elementor-widget elementor-widget-heading\" data-id=\"4c60f65\" data-element_type=\"widget\" data-widget_type=\"heading.default\">\n\t\t\t\t<div class=\"elementor-widget-container\">\n\t\t\t\t\t<h2 class=\"elementor-heading-title elementor-size-default\">YUKARI KALEK\u00d6Y<br>\nDAM AND HEPP<\/h2>\t\t\t\t<\/div>\n\t\t\t\t<\/div>\n\t\t\t\t<div class=\"elementor-element elementor-element-9624b93 elementor-widget elementor-widget-text-editor\" data-id=\"9624b93\" data-element_type=\"widget\" data-widget_type=\"text-editor.default\">\n\t\t\t\t<div class=\"elementor-widget-container\">\n\t\t\t\t\t\t\t\t\t<p>Yukar\u0131 (Upper) Kalek\u00f6y Dam and HEPP Project is located 3.5 km east of Yeniba\u015fak Village in Solhan District of Bing\u00f6l Province. The facility, which is constructed on the Murat River, has an installed capacity of 626.85 MWe. The construction was completed in February 2018; the project began producing an annual energy volume of 1,957.17 GWh in April 2018.<\/p><p>The volume of the RCC dam body is 2,340,000 m\u00b3. The width and the length of the crest are 10.00 m and 566 m, respectively, and the dam height is 150.00 m from the foundation and 137.50 m from the thalweg.<\/p><p>The powerhouse, which is designed adjacent to the dam body, is composed of 3 main and 1 small units (3 x 199.4 MWe + 1 x 28.65 MWe). The left bank of the dam has a controlled spillway with a capacity of 8,777 m\u00b3\/s. The spillway has 4 radial gates.<\/p><p>Yukar\u0131 (Upper) Kalek\u00f6y Dam and HEPP, which started operation in 2018, is <strong>the 8\u1d57\u02b0 Largest HEPP project by Installed Capacity<\/strong> among all dam and HEPP projects that are currently in operation in Turkey and ranks as <strong>the Largest HEPP by Installed Capacity<\/strong> among those developed by the private sector.<\/p><p>In addition to these titles, Yukar\u0131 (Upper) Kalek\u00f6y Dam and HEPP was awarded the <strong>first prize in the category of &#8220;BEST PROJECT&#8221;<\/strong> at the 8<sup>th<\/sup>\u00a0International Symposium on RCC Dams held in China in November 2019 by the International Commission on Large Dams (ICOLD) and the Spanish National Committee for Large Dams (SPANCOLD).<\/p>\t\t\t\t\t\t\t\t<\/div>\n\t\t\t\t<\/div>\n\t\t\t\t<div class=\"elementor-element elementor-element-e5b33b1 elementor-widget elementor-widget-text-editor\" data-id=\"e5b33b1\" data-element_type=\"widget\" data-widget_type=\"text-editor.default\">\n\t\t\t\t<div class=\"elementor-widget-container\">\n\t\t\t\t\t\t\t\t\t<table class=\"projelertab\"><tbody><tr><td>Company<\/td><td>Kalehan Kale Enerji \u00dcretim A.\u015e.<\/td><\/tr><tr><td>License No<\/td><td>E\u00dc\/5017-2\/03080 &#8211; 21.05.2014<\/td><\/tr><tr><td>Installed Capacity<\/td><td>634.40 MWm \/ 626.85 MWe<\/td><\/tr><tr><td>Total Energy<\/td><td>1,957.17 GWh<\/td><\/tr><tr><td>Design Discharge<\/td><td>564.90 m\u00b3\/s<\/td><\/tr><tr><td>Gross Head<\/td><td>132.50 m<\/td><\/tr><tr><td>Net Head<\/td><td>131.30 m<\/td><\/tr><tr><td>Crest Elevation<\/td><td>1,240.00 m<\/td><\/tr><tr><td>Flood Water Level<\/td><td>1,237.60 m<\/td><\/tr><tr><td>Operation Level<\/td><td>1,235.00 m<\/td><\/tr><tr><td>Minimum Water Level<\/td><td>1,210.00 m<\/td><\/tr><tr><td>Thalweg Elevation<\/td><td>1,102.50 m<\/td><\/tr><tr><td>Tailwater Elevation<\/td><td>1,102.50 m<\/td><\/tr><\/tbody><\/table>\t\t\t\t\t\t\t\t<\/div>\n\t\t\t\t<\/div>\n\t\t\t\t\t<\/div>\n\t\t<\/div>\n\t\t\t\t<div class=\"elementor-column elementor-col-50 elementor-top-column elementor-element elementor-element-9fed84b\" data-id=\"9fed84b\" data-element_type=\"column\">\n\t\t\t<div class=\"elementor-widget-wrap elementor-element-populated\">\n\t\t\t\t\t\t<div class=\"elementor-element elementor-element-7c78569 elementor-arrows-position-inside elementor-widget elementor-widget-image-carousel\" data-id=\"7c78569\" data-element_type=\"widget\" data-settings=\"{&quot;slides_to_show&quot;:&quot;1&quot;,&quot;navigation&quot;:&quot;arrows&quot;,&quot;autoplay&quot;:&quot;no&quot;,&quot;infinite&quot;:&quot;yes&quot;,&quot;effect&quot;:&quot;slide&quot;,&quot;speed&quot;:500}\" data-widget_type=\"image-carousel.default\">\n\t\t\t\t<div class=\"elementor-widget-container\">\n\t\t\t\t\t\t\t<div class=\"elementor-image-carousel-wrapper swiper\" role=\"region\" aria-roledescription=\"carousel\" aria-label=\"Image Carousel\" dir=\"ltr\">\n\t\t\t<div class=\"elementor-image-carousel swiper-wrapper\" aria-live=\"polite\">\n\t\t\t\t\t\t\t\t<div class=\"swiper-slide\" role=\"group\" aria-roledescription=\"slide\" aria-label=\"1 of 6\"><figure class=\"swiper-slide-inner\"><img decoding=\"async\" class=\"swiper-slide-image\" src=\"https:\/\/kalehan.com.tr\/wp-content\/uploads\/2018\/10\/yukarikalekoy-075-1.jpg\" alt=\"yukarikalekoy-075\" \/><\/figure><\/div><div class=\"swiper-slide\" role=\"group\" aria-roledescription=\"slide\" aria-label=\"2 of 6\"><figure class=\"swiper-slide-inner\"><img decoding=\"async\" class=\"swiper-slide-image\" src=\"https:\/\/kalehan.com.tr\/wp-content\/uploads\/2018\/10\/yukarikalekoy-026.jpg\" alt=\"yukarikalekoy-026\" \/><\/figure><\/div><div class=\"swiper-slide\" role=\"group\" aria-roledescription=\"slide\" aria-label=\"3 of 6\"><figure class=\"swiper-slide-inner\"><img decoding=\"async\" class=\"swiper-slide-image\" src=\"https:\/\/kalehan.com.tr\/wp-content\/uploads\/2018\/10\/yukarikalekoy-083.jpg\" alt=\"yukarikalekoy-083\" \/><\/figure><\/div><div class=\"swiper-slide\" role=\"group\" aria-roledescription=\"slide\" aria-label=\"4 of 6\"><figure class=\"swiper-slide-inner\"><img decoding=\"async\" class=\"swiper-slide-image\" src=\"https:\/\/kalehan.com.tr\/wp-content\/uploads\/2018\/10\/yukarikalekoy-123.jpg\" alt=\"yukarikalekoy-123\" \/><\/figure><\/div><div class=\"swiper-slide\" role=\"group\" aria-roledescription=\"slide\" aria-label=\"5 of 6\"><figure class=\"swiper-slide-inner\"><img decoding=\"async\" class=\"swiper-slide-image\" src=\"https:\/\/kalehan.com.tr\/wp-content\/uploads\/2018\/10\/yukarikalekoy-145.jpg\" alt=\"yukarikalekoy-145\" \/><\/figure><\/div><div class=\"swiper-slide\" role=\"group\" aria-roledescription=\"slide\" aria-label=\"6 of 6\"><figure class=\"swiper-slide-inner\"><img decoding=\"async\" class=\"swiper-slide-image\" src=\"https:\/\/kalehan.com.tr\/wp-content\/uploads\/2018\/10\/yukarikalekoy-132.jpg\" alt=\"yukarikalekoy-132\" \/><\/figure><\/div>\t\t\t<\/div>\n\t\t\t\t\t\t\t\t\t\t\t\t<div class=\"elementor-swiper-button elementor-swiper-button-prev\" role=\"button\" tabindex=\"0\">\n\t\t\t\t\t\t<i aria-hidden=\"true\" class=\"eicon-chevron-left\"><\/i>\t\t\t\t\t<\/div>\n\t\t\t\t\t<div class=\"elementor-swiper-button elementor-swiper-button-next\" role=\"button\" tabindex=\"0\">\n\t\t\t\t\t\t<i aria-hidden=\"true\" class=\"eicon-chevron-right\"><\/i>\t\t\t\t\t<\/div>\n\t\t\t\t\n\t\t\t\t\t\t\t\t\t<\/div>\n\t\t\t\t\t\t<\/div>\n\t\t\t\t<\/div>\n\t\t\t\t<div class=\"elementor-element elementor-element-4d9ae8b elementor-widget elementor-widget-jet-images-layout\" data-id=\"4d9ae8b\" data-element_type=\"widget\" data-settings=\"{&quot;columns_tablet&quot;:&quot;3&quot;,&quot;columns_mobile&quot;:&quot;2&quot;,&quot;columns&quot;:3}\" data-widget_type=\"jet-images-layout.default\">\n\t\t\t\t<div class=\"elementor-widget-container\">\n\t\t\t\t\t<div class=\"elementor-jet-images-layout jet-elements\">\n<div class=\"jet-images-layout layout-type-grid\" data-settings='{&quot;layoutType&quot;:&quot;grid&quot;,&quot;justifyHeight&quot;:300}'>\n\t<div class=\"jet-images-layout__list col-row disable-cols-gap disable-rows-gap column-desktop-3 column-tablet-3 column-mobile-2\" >\n<div class=\"jet-images-layout__item col-desk-3 col-tab-3 col-mob-2\">\n\t<div class=\"jet-images-layout__inner\">\n\t\t<div class=\"jet-images-layout__image-loader\"><span><\/span><\/div>\n\t\t<a class=\"jet-images-layout__link \" href=\"https:\/\/kalehan.com.tr\/wp-content\/uploads\/2019\/07\/yukari-kalekoy-1.jpg\" data-elementor-open-lightbox=\"yes\" data-elementor-lightbox-slideshow=\"4d9ae8b\">\n\t\t\t<div class=\"jet-images-layout__image\">\n\t\t\t\t<img decoding=\"async\" class=\"jet-images-layout__image-instance\" src=\"https:\/\/kalehan.com.tr\/wp-content\/uploads\/2019\/07\/yukari-kalekoy-1.jpg\" alt=\"yukari-kalekoy-1\" loading=\"lazy\">\t\t\t<\/div>\n\t\t\t<div class=\"jet-images-layout__content\"><\/div>\n\t\t<\/a>\n\t<\/div>\n<\/div>\n<div class=\"jet-images-layout__item col-desk-3 col-tab-3 col-mob-2\">\n\t<div class=\"jet-images-layout__inner\">\n\t\t<div class=\"jet-images-layout__image-loader\"><span><\/span><\/div>\n\t\t<a class=\"jet-images-layout__link \" href=\"https:\/\/kalehan.com.tr\/wp-content\/uploads\/2019\/07\/yukari-kalekoy-2.jpg\" data-elementor-open-lightbox=\"yes\" data-elementor-lightbox-slideshow=\"4d9ae8b\">\n\t\t\t<div class=\"jet-images-layout__image\">\n\t\t\t\t<img decoding=\"async\" class=\"jet-images-layout__image-instance\" src=\"https:\/\/kalehan.com.tr\/wp-content\/uploads\/2019\/07\/yukari-kalekoy-2.jpg\" alt=\"yukari-kalekoy-2\" loading=\"lazy\">\t\t\t<\/div>\n\t\t\t<div class=\"jet-images-layout__content\"><\/div>\n\t\t<\/a>\n\t<\/div>\n<\/div>\n<div class=\"jet-images-layout__item col-desk-3 col-tab-3 col-mob-2\">\n\t<div class=\"jet-images-layout__inner\">\n\t\t<div class=\"jet-images-layout__image-loader\"><span><\/span><\/div>\n\t\t<a class=\"jet-images-layout__link \" href=\"https:\/\/kalehan.com.tr\/wp-content\/uploads\/2019\/07\/yukari-kalekoy-3.jpg\" data-elementor-open-lightbox=\"yes\" data-elementor-lightbox-slideshow=\"4d9ae8b\">\n\t\t\t<div class=\"jet-images-layout__image\">\n\t\t\t\t<img decoding=\"async\" class=\"jet-images-layout__image-instance\" src=\"https:\/\/kalehan.com.tr\/wp-content\/uploads\/2019\/07\/yukari-kalekoy-3.jpg\" alt=\"yukari-kalekoy-3\" loading=\"lazy\">\t\t\t<\/div>\n\t\t\t<div class=\"jet-images-layout__content\"><\/div>\n\t\t<\/a>\n\t<\/div>\n<\/div>\n<div class=\"jet-images-layout__item col-desk-3 col-tab-3 col-mob-2\">\n\t<div class=\"jet-images-layout__inner\">\n\t\t<div class=\"jet-images-layout__image-loader\"><span><\/span><\/div>\n\t\t<a class=\"jet-images-layout__link \" href=\"https:\/\/kalehan.com.tr\/wp-content\/uploads\/2018\/10\/yukarikalekoy-123.jpg\" data-elementor-open-lightbox=\"yes\" data-elementor-lightbox-slideshow=\"4d9ae8b\">\n\t\t\t<div class=\"jet-images-layout__image\">\n\t\t\t\t<img decoding=\"async\" class=\"jet-images-layout__image-instance\" src=\"https:\/\/kalehan.com.tr\/wp-content\/uploads\/2018\/10\/yukarikalekoy-123.jpg\" alt=\"yukarikalekoy-123\" loading=\"lazy\">\t\t\t<\/div>\n\t\t\t<div class=\"jet-images-layout__content\"><\/div>\n\t\t<\/a>\n\t<\/div>\n<\/div>\n<div class=\"jet-images-layout__item col-desk-3 col-tab-3 col-mob-2\">\n\t<div class=\"jet-images-layout__inner\">\n\t\t<div class=\"jet-images-layout__image-loader\"><span><\/span><\/div>\n\t\t<a class=\"jet-images-layout__link \" href=\"https:\/\/kalehan.com.tr\/wp-content\/uploads\/2018\/10\/yukarikalekoy-145.jpg\" data-elementor-open-lightbox=\"yes\" data-elementor-lightbox-slideshow=\"4d9ae8b\">\n\t\t\t<div class=\"jet-images-layout__image\">\n\t\t\t\t<img decoding=\"async\" class=\"jet-images-layout__image-instance\" src=\"https:\/\/kalehan.com.tr\/wp-content\/uploads\/2018\/10\/yukarikalekoy-145.jpg\" alt=\"yukarikalekoy-145\" loading=\"lazy\">\t\t\t<\/div>\n\t\t\t<div class=\"jet-images-layout__content\"><\/div>\n\t\t<\/a>\n\t<\/div>\n<\/div>\n<div class=\"jet-images-layout__item col-desk-3 col-tab-3 col-mob-2\">\n\t<div class=\"jet-images-layout__inner\">\n\t\t<div class=\"jet-images-layout__image-loader\"><span><\/span><\/div>\n\t\t<a class=\"jet-images-layout__link \" href=\"https:\/\/kalehan.com.tr\/wp-content\/uploads\/2018\/10\/yukarikalekoy-132.jpg\" data-elementor-open-lightbox=\"yes\" data-elementor-lightbox-slideshow=\"4d9ae8b\">\n\t\t\t<div class=\"jet-images-layout__image\">\n\t\t\t\t<img decoding=\"async\" class=\"jet-images-layout__image-instance\" src=\"https:\/\/kalehan.com.tr\/wp-content\/uploads\/2018\/10\/yukarikalekoy-132.jpg\" alt=\"yukarikalekoy-132\" loading=\"lazy\">\t\t\t<\/div>\n\t\t\t<div class=\"jet-images-layout__content\"><\/div>\n\t\t<\/a>\n\t<\/div>\n<\/div>\n<div class=\"jet-images-layout__item col-desk-3 col-tab-3 col-mob-2\">\n\t<div class=\"jet-images-layout__inner\">\n\t\t<div class=\"jet-images-layout__image-loader\"><span><\/span><\/div>\n\t\t<a class=\"jet-images-layout__link \" href=\"https:\/\/kalehan.com.tr\/wp-content\/uploads\/2023\/04\/yukari-kalekoy-2022-2-b.jpg\" data-elementor-open-lightbox=\"yes\" data-elementor-lightbox-slideshow=\"4d9ae8b\">\n\t\t\t<div class=\"jet-images-layout__image\">\n\t\t\t\t<img decoding=\"async\" class=\"jet-images-layout__image-instance\" src=\"https:\/\/kalehan.com.tr\/wp-content\/uploads\/2023\/04\/yukari-kalekoy-2022-2-b.jpg\" alt=\"yukari-kalekoy-2022-2-b\" loading=\"lazy\">\t\t\t<\/div>\n\t\t\t<div class=\"jet-images-layout__content\"><\/div>\n\t\t<\/a>\n\t<\/div>\n<\/div>\n<\/div><\/div>\n<\/div>\t\t\t\t<\/div>\n\t\t\t\t<\/div>\n\t\t\t\t\t<\/div>\n\t\t<\/div>\n\t\t\t\t\t<\/div>\n\t\t<\/section>\n\t\t\t\t<\/div>\n\t\t","protected":false},"excerpt":{"rendered":"<p>PROJECTS YUKARI KALEK\u00d6Y DAM AND HEPP Yukar\u0131 (Upper) Kalek\u00f6y Dam and HEPP Project is located 3.5 km east of Yeniba\u015fak Village in Solhan District of Bing\u00f6l Province. The facility, which is constructed on the Murat River, has an installed capacity of 626.85 MWe. The construction was completed in February 2018; the project began producing an&hellip;<\/p>\n","protected":false},"author":1,"featured_media":0,"parent":887,"menu_order":1,"comment_status":"closed","ping_status":"closed","template":"","meta":[],"class_list":["post-1131","page","type-page","status-publish","hentry","description-off"],"aioseo_notices":[],"_links":{"self":[{"href":"https:\/\/kalehan.com.tr\/en\/wp-json\/wp\/v2\/pages\/1131","targetHints":{"allow":["GET"]}}],"collection":[{"href":"https:\/\/kalehan.com.tr\/en\/wp-json\/wp\/v2\/pages"}],"about":[{"href":"https:\/\/kalehan.com.tr\/en\/wp-json\/wp\/v2\/types\/page"}],"author":[{"embeddable":true,"href":"https:\/\/kalehan.com.tr\/en\/wp-json\/wp\/v2\/users\/1"}],"replies":[{"embeddable":true,"href":"https:\/\/kalehan.com.tr\/en\/wp-json\/wp\/v2\/comments?post=1131"}],"version-history":[{"count":40,"href":"https:\/\/kalehan.com.tr\/en\/wp-json\/wp\/v2\/pages\/1131\/revisions"}],"predecessor-version":[{"id":4344,"href":"https:\/\/kalehan.com.tr\/en\/wp-json\/wp\/v2\/pages\/1131\/revisions\/4344"}],"up":[{"embeddable":true,"href":"https:\/\/kalehan.com.tr\/en\/wp-json\/wp\/v2\/pages\/887"}],"wp:attachment":[{"href":"https:\/\/kalehan.com.tr\/en\/wp-json\/wp\/v2\/media?parent=1131"}],"curies":[{"name":"wp","href":"https:\/\/api.w.org\/{rel}","templated":true}]}}